{"id":142,"date":"2024-05-03T15:52:38","date_gmt":"2024-05-03T13:52:38","guid":{"rendered":"https:\/\/tanukiagency.com\/?page_id=142"},"modified":"2025-10-28T16:12:49","modified_gmt":"2025-10-28T15:12:49","slug":"privacy-policy","status":"publish","type":"page","link":"https:\/\/tanukiagency.com\/fr\/privacy-policy\/","title":{"rendered":"Termes et Conditions"},"content":{"rendered":"<p><strong>Editeur<\/strong><\/p>\n\n\n\n<p>Entreprise Individuelle : Aline SCHNEIDER \u2013 Agence du Tanuki<br>Num\u00e9ro de SIRET : 91346592800012<br>Repr\u00e9sent\u00e9e par : Aline SCHNEIDER<br>Contact : aline@tanukiagency.com<\/p>\n\n\n\n<p><strong>H\u00e9bergeur<\/strong><\/p>\n\n\n\n<p>Site h\u00e9berg\u00e9 par : Wordpress<br>Adresse : Automattic Inc.<br>60 29th Street #343<br>San Francisco, CA 94110<br>United States of America<\/p>\n\n\n\n<p><strong>Propri\u00e9t\u00e9 Intellectuelle<\/strong><\/p>\n\n\n\n<p>Agence du Tanuki est propri\u00e9taire des droits de propri\u00e9t\u00e9 intellectuelle ou d\u00e9tient les droits d\u2019usage sur tous les \u00e9l\u00e9ments accessibles sur le site, notamment les textes, images, graphismes, logo, ic\u00f4nes, sons, logiciels\u2026 Toute reproduction, repr\u00e9sentation, modification, publication, adaptation totale ou partielle des \u00e9l\u00e9ments du site, quel que soit le moyen ou le proc\u00e9d\u00e9 utilis\u00e9, est interdite, sauf autorisation \u00e9crite pr\u00e9alable \u00e0 l\u2019e-mail : aline@tanukiagency. Toute exploitation non autoris\u00e9e du site ou de l\u2019un quelconque de ces \u00e9l\u00e9ments qu\u2019il contient sera consid\u00e9r\u00e9e comme constitutive d\u2019une contrefa\u00e7on et poursuivie conform\u00e9ment aux dispositions des articles L.335-2 et suivants du Code de Propri\u00e9t\u00e9 Intellectuelle.<\/p>\n\n\n\n<p><strong>Limitation de responsabilit\u00e9<\/strong><\/p>\n\n\n\n<p>Agence du Tanuki ne peut pas \u00eatre tenue responsable de tout dommage direct ou indirect r\u00e9sultant de l'utilisation faite par le client du site et des informations qu'il continent. Les informations du site sont donn\u00e9es \u00e0 titre informatives et sont susceptibles d'\u00e9voluer. Elles sont sous r\u00e9serve de modifications.<\/p>\n\n\n\n<p><strong>Politique de confidentialit\u00e9<\/strong><\/p>\n\n\n\n<p>Afin d\u2019\u00eatre en conformit\u00e9 avec la loi Informatique et Libert\u00e9s du 6 Janvier 1978, mise \u00e0 jour le 6 ao\u00fbt 2004, Agence du Tanuki s\u2019engage \u00e0 s\u2019assurer la meilleure protection possible de vos donn\u00e9es personnelles. Ces donn\u00e9es personnelles sont collect\u00e9es par l\u2019\u00e9diteur du site.<\/p>\n\n\n\n<p><strong>Utilisation des cookies<\/strong><\/p>\n\n\n\n<p>Agence du Tanuki vous informe qu\u2019un ou plusieurs cookies (petits fichiers textes) peuvent s\u2019installer automatiquement sur le disque dur de votre ordinateur lors de votre visite sur le site web.<\/p>\n\n\n\n<p>Vous avez la possibilit\u00e9 de supprimer les cookies install\u00e9s lors de votre visite sur le site web \u00e0 l\u2019aide de votre navigateur. Vous pouvez \u00e9galement param\u00e9trer vos cookies directement dans les r\u00e9glages de votre navigateur pour choisir de les d\u00e9sactiver par d\u00e9faut. A d\u00e9faut, vous \u00eates inform\u00e9 du fait que l\u2019usage du site Web tanukiagency.com, ainsi que les services qui y sont propos\u00e9s, pourront \u00eatre perturb\u00e9s, voire emp\u00each\u00e9s.<\/p>","protected":false},"excerpt":{"rendered":"<p>Editeur Entreprise Individuelle : Aline SCHNEIDER \u2013 Agence du TanukiSIRET NumberOwned by : Aline SchneiderContact : aline@tanukiagency Host Site hosted by: WordPressAdresse : Automattic Inc.60 29th Street #343San Francisco, CA 94110United States of America Intellectual Property Agence du Tanuki is the owner of the intellectual property rights or holds the rights of use on all [&hellip;]<\/p>\n","protected":false},"author":205047669,"featured_media":0,"parent":0,"menu_order":0,"comment_status":"closed","ping_status":"closed","template":"","meta":{"advanced_seo_description":"","jetpack_seo_html_title":"","jetpack_seo_noindex":false,"footnotes":""},"class_list":["post-142","page","type-page","status-publish","hentry"],"jetpack_likes_enabled":true,"jetpack_sharing_enabled":true,"jetpack_shortlink":"https:\/\/wp.me\/PfJG2Z-2i","jetpack-related-posts":[],"_links":{"self":[{"href":"https:\/\/tanukiagency.com\/fr\/wp-json\/wp\/v2\/pages\/142","targetHints":{"allow":["GET"]}}],"collection":[{"href":"https:\/\/tanukiagency.com\/fr\/wp-json\/wp\/v2\/pages"}],"about":[{"href":"https:\/\/tanukiagency.com\/fr\/wp-json\/wp\/v2\/types\/page"}],"author":[{"embeddable":true,"href":"https:\/\/tanukiagency.com\/fr\/wp-json\/wp\/v2\/users\/205047669"}],"replies":[{"embeddable":true,"href":"https:\/\/tanukiagency.com\/fr\/wp-json\/wp\/v2\/comments?post=142"}],"version-history":[{"count":7,"href":"https:\/\/tanukiagency.com\/fr\/wp-json\/wp\/v2\/pages\/142\/revisions"}],"predecessor-version":[{"id":923,"href":"https:\/\/tanukiagency.com\/fr\/wp-json\/wp\/v2\/pages\/142\/revisions\/923"}],"wp:attachment":[{"href":"https:\/\/tanukiagency.com\/fr\/wp-json\/wp\/v2\/media?parent=142"}],"curies":[{"name":"wp","href":"https:\/\/api.w.org\/{rel}","templated":true}]}}