{"id":950,"date":"2025-10-28T17:59:19","date_gmt":"2025-10-28T16:59:19","guid":{"rendered":"https:\/\/tanukiagency.com\/?page_id=950"},"modified":"2025-11-18T13:05:46","modified_gmt":"2025-11-18T12:05:46","slug":"tanzania","status":"publish","type":"page","link":"https:\/\/tanukiagency.com\/fr\/tanzania\/","title":{"rendered":"Tanzanie"},"content":{"rendered":"<div class=\"wp-block-group alignfull has-base-background-color has-background has-global-padding is-layout-constrained wp-container-core-group-is-layout-b673cb31 wp-block-group-is-layout-constrained\" style=\"margin-top:0;margin-bottom:0;padding-top:var(--wp--preset--spacing--30);padding-right:var(--wp--preset--spacing--50);padding-bottom:var(--wp--preset--spacing--30);padding-left:var(--wp--preset--spacing--50)\">\n<div class=\"wp-block-columns alignwide is-layout-flex wp-container-core-columns-is-layout-549b0c86 wp-block-columns-is-layout-flex\">\n<div class=\"wp-block-column is-layout-flow wp-block-column-is-layout-flow\" style=\"flex-basis:50%\">\n<div class=\"wp-block-jetpack-tiled-gallery aligncenter is-style-rectangular\"><div class=\"\"><div class=\"tiled-gallery__gallery\"><div class=\"tiled-gallery__row\"><div class=\"tiled-gallery__col\" style=\"flex-basis:100.00000%\"><figure class=\"tiled-gallery__item\"><img decoding=\"async\" data-attachment-id=\"890\" data-permalink=\"https:\/\/tanukiagency.com\/fr\/dscf7671\/\" data-orig-file=\"https:\/\/i0.wp.com\/tanukiagency.com\/wp-content\/uploads\/2025\/10\/DSCF7671-rotated-e1761655923586.jpg?fit=4108%2C3016&amp;ssl=1\" data-orig-size=\"4108,3016\" data-comments-opened=\"1\" data-image-meta=\"{&quot;aperture&quot;:&quot;5.6&quot;,&quot;credit&quot;:&quot;&quot;,&quot;camera&quot;:&quot;X-S10&quot;,&quot;caption&quot;:&quot;&quot;,&quot;created_timestamp&quot;:&quot;1744662988&quot;,&quot;copyright&quot;:&quot;&quot;,&quot;focal_length&quot;:&quot;50&quot;,&quot;iso&quot;:&quot;320&quot;,&quot;shutter_speed&quot;:&quot;0.004&quot;,&quot;title&quot;:&quot;&quot;,&quot;orientation&quot;:&quot;1&quot;}\" data-image-title=\"DSCF7671\" data-image-description=\"\" data-image-caption=\"\" data-large-file=\"https:\/\/i0.wp.com\/tanukiagency.com\/wp-content\/uploads\/2025\/10\/DSCF7671-rotated-e1761655923586.jpg?fit=1024%2C752&amp;ssl=1\" role=\"button\" tabindex=\"0\" aria-label=\"Ouvrir l\u2019image 1 sur 1 en plein \u00e9cran\" srcset=\"https:\/\/i0.wp.com\/tanukiagency.com\/wp-content\/uploads\/2025\/10\/DSCF7671-rotated-e1761655923586-1024x752.jpg?strip=info&#038;w=600&#038;ssl=1 600w,https:\/\/i0.wp.com\/tanukiagency.com\/wp-content\/uploads\/2025\/10\/DSCF7671-rotated-e1761655923586-1024x752.jpg?strip=info&#038;w=900&#038;ssl=1 900w,https:\/\/i0.wp.com\/tanukiagency.com\/wp-content\/uploads\/2025\/10\/DSCF7671-rotated-e1761655923586-1024x752.jpg?strip=info&#038;w=1200&#038;ssl=1 1200w,https:\/\/i0.wp.com\/tanukiagency.com\/wp-content\/uploads\/2025\/10\/DSCF7671-rotated-e1761655923586-1024x752.jpg?strip=info&#038;w=1500&#038;ssl=1 1500w,https:\/\/i0.wp.com\/tanukiagency.com\/wp-content\/uploads\/2025\/10\/DSCF7671-rotated-e1761655923586-1024x752.jpg?strip=info&#038;w=1800&#038;ssl=1 1800w,https:\/\/i0.wp.com\/tanukiagency.com\/wp-content\/uploads\/2025\/10\/DSCF7671-rotated-e1761655923586-1024x752.jpg?strip=info&#038;w=2000&#038;ssl=1 2000w\" alt=\"\" data-height=\"3016\" data-id=\"890\" data-link=\"https:\/\/tanukiagency.com\/dscf7671\/\" data-url=\"https:\/\/tanukiagency.com\/wp-content\/uploads\/2025\/10\/DSCF7671-rotated-e1761655923586-1024x752.jpg\" data-width=\"4108\" src=\"https:\/\/i0.wp.com\/tanukiagency.com\/wp-content\/uploads\/2025\/10\/DSCF7671-rotated-e1761655923586-1024x752.jpg?ssl=1\" data-amp-layout=\"responsive\"\/><\/figure><\/div><\/div><\/div><\/div><\/div>\n<\/div>\n\n\n\n<div class=\"wp-block-column is-layout-flow wp-container-core-column-is-layout-5be40761 wp-block-column-is-layout-flow\" style=\"padding-right:var(--wp--preset--spacing--30);padding-left:var(--wp--preset--spacing--30);flex-basis:50%\">\n<h2 class=\"wp-block-heading has-large-font-size\" style=\"margin-top:0;margin-bottom:0\"><strong>Safaris pour tous les budgets\u00a0<\/strong><\/h2>\n\n\n\n<div class=\"wp-block-columns is-layout-flex wp-container-core-columns-is-layout-b6b4657a wp-block-columns-is-layout-flex\" style=\"margin-top:var(--wp--preset--spacing--20);margin-bottom:var(--wp--preset--spacing--20)\">\n<div class=\"wp-block-column is-layout-flow wp-block-column-is-layout-flow\">\n<p class=\"wp-container-content-9cfa9a5a\">La Tanzanie est l'une des meilleures destinations d'Afrique pour observer la faune sauvage dans son habitat naturel. Que vous recherchiez un safari \u00e9conomique ou une exp\u00e9rience plus luxueuse dans un lodge, nous vous aidons \u00e0 concevoir un itin\u00e9raire sur mesure. Des vastes plaines du parc national du Serengeti au crat\u00e8re verdoyant de Ngorongoro, vous croiserez des \u00e9l\u00e9phants, des lions, des z\u00e8bres, des girafes et une multitude d'oiseaux lors de safaris inoubliables.<\/p>\n\n\n\n<p>Outre les spectacles animaliers, nous vous proposons \u00e9galement une immersion dans la vie locale gr\u00e2ce \u00e0 des safaris culturels en Tanzanie. Rencontrez les Masa\u00ef dans leurs villages, assistez \u00e0 une danse traditionnelle sous un ciel \u00e9toil\u00e9 ou accompagnez les chasseurs-cueilleurs Hadzab\u00e9 \u00e0 la recherche du gibier pr\u00e8s du lac Eyasi.<\/p>\n<\/div>\n<\/div>\n<\/div>\n<\/div>\n<\/div>\n\n\n\n<div class=\"wp-block-group alignfull has-base-background-color has-background has-global-padding is-layout-constrained wp-container-core-group-is-layout-b673cb31 wp-block-group-is-layout-constrained\" style=\"margin-top:0;margin-bottom:0;padding-top:var(--wp--preset--spacing--30);padding-right:var(--wp--preset--spacing--50);padding-bottom:var(--wp--preset--spacing--30);padding-left:var(--wp--preset--spacing--50)\">\n<div class=\"wp-block-columns alignwide is-layout-flex wp-container-core-columns-is-layout-549b0c86 wp-block-columns-is-layout-flex\">\n<div class=\"wp-block-column is-layout-flow wp-container-core-column-is-layout-5be40761 wp-block-column-is-layout-flow\" style=\"padding-right:var(--wp--preset--spacing--30);padding-left:var(--wp--preset--spacing--30);flex-basis:50%\">\n<h2 class=\"wp-block-heading has-large-font-size\" style=\"margin-top:0;margin-bottom:0\"><strong><strong>Vacances \u00e0 la plage<\/strong><\/strong><\/h2>\n\n\n\n<div class=\"wp-block-columns is-layout-flex wp-container-core-columns-is-layout-b6b4657a wp-block-columns-is-layout-flex\" style=\"margin-top:var(--wp--preset--spacing--20);margin-bottom:var(--wp--preset--spacing--20)\">\n<div class=\"wp-block-column is-layout-flow wp-block-column-is-layout-flow\">\n<p class=\"wp-container-content-9cfa9a5a\">\u00a0Apr\u00e8s un safari ou une randonn\u00e9e en montagne, des vacances baln\u00e9aires \u00e0 Zanzibar offrent le cadre id\u00e9al pour se d\u00e9tendre et se ressourcer. L'\u00eele est r\u00e9put\u00e9e pour ses longues plages de sable blanc, ses eaux turquoise calmes et ses petits villages o\u00f9 la vie s'\u00e9coule paisiblement.\u00a0<\/p>\n\n\n\n<p>Participez \u00e0 une excursion \u00e0 Zanzibar sur le th\u00e8me des \u00e9pices pour en apprendre davantage sur les clous de girofle, la cannelle et la cardamome, ou embarquez pour une excursion en bateau \u00e0 la recherche des dauphins pr\u00e8s de Kizimkazi.\u00a0<\/p>\n\n\n\n<p>Que vous pr\u00e9f\u00e9riez une maison d'h\u00f4tes locale tranquille ou un complexe h\u00f4telier confortable en bord de mer \u00e0 Zanzibar, nous vous aidons \u00e0 choisir un endroit o\u00f9 vous pourrez vous d\u00e9tendre, explorer et profiter de l'\u00eele \u00e0 votre propre rythme.<\/p>\n<\/div>\n<\/div>\n<\/div>\n\n\n\n<div class=\"wp-block-column is-layout-flow wp-block-column-is-layout-flow\" style=\"flex-basis:50%\">\n<figure class=\"wp-block-image aligncenter size-large is-style-rectangular\"><img data-recalc-dims=\"1\" loading=\"lazy\" decoding=\"async\" width=\"1024\" height=\"712\" data-attachment-id=\"1069\" data-permalink=\"https:\/\/tanukiagency.com\/fr\/img_3535\/\" data-orig-file=\"https:\/\/i0.wp.com\/tanukiagency.com\/wp-content\/uploads\/2025\/11\/IMG_3535-e1763467515531.jpg?fit=2997%2C2083&amp;ssl=1\" data-orig-size=\"2997,2083\" data-comments-opened=\"1\" data-image-meta=\"{&quot;aperture&quot;:&quot;0&quot;,&quot;credit&quot;:&quot;&quot;,&quot;camera&quot;:&quot;&quot;,&quot;caption&quot;:&quot;&quot;,&quot;created_timestamp&quot;:&quot;0&quot;,&quot;copyright&quot;:&quot;&quot;,&quot;focal_length&quot;:&quot;0&quot;,&quot;iso&quot;:&quot;0&quot;,&quot;shutter_speed&quot;:&quot;0&quot;,&quot;title&quot;:&quot;&quot;,&quot;orientation&quot;:&quot;0&quot;}\" data-image-title=\"Tanzania Beach\" data-image-description=\"\" data-image-caption=\"\" data-large-file=\"https:\/\/i0.wp.com\/tanukiagency.com\/wp-content\/uploads\/2025\/11\/IMG_3535-e1763467515531.jpg?fit=1024%2C712&amp;ssl=1\" src=\"https:\/\/i0.wp.com\/tanukiagency.com\/wp-content\/uploads\/2025\/11\/IMG_3535-e1763467515531-1024x712.jpg?resize=1024%2C712&#038;ssl=1\" alt=\"Tanzania Beach\" class=\"wp-image-1069\" srcset=\"https:\/\/i0.wp.com\/tanukiagency.com\/wp-content\/uploads\/2025\/11\/IMG_3535-e1763467515531.jpg?resize=1024%2C712&amp;ssl=1 1024w, https:\/\/i0.wp.com\/tanukiagency.com\/wp-content\/uploads\/2025\/11\/IMG_3535-e1763467515531.jpg?resize=300%2C209&amp;ssl=1 300w, https:\/\/i0.wp.com\/tanukiagency.com\/wp-content\/uploads\/2025\/11\/IMG_3535-e1763467515531.jpg?resize=768%2C534&amp;ssl=1 768w, https:\/\/i0.wp.com\/tanukiagency.com\/wp-content\/uploads\/2025\/11\/IMG_3535-e1763467515531.jpg?resize=1536%2C1068&amp;ssl=1 1536w, https:\/\/i0.wp.com\/tanukiagency.com\/wp-content\/uploads\/2025\/11\/IMG_3535-e1763467515531.jpg?resize=2048%2C1423&amp;ssl=1 2048w, https:\/\/i0.wp.com\/tanukiagency.com\/wp-content\/uploads\/2025\/11\/IMG_3535-e1763467515531.jpg?resize=18%2C12&amp;ssl=1 18w\" sizes=\"auto, (max-width: 1000px) 100vw, 1000px\" \/><\/figure>\n<\/div>\n<\/div>\n<\/div>\n\n\n\n<div class=\"wp-block-group alignfull has-custom-19418-d-background-color has-background has-global-padding is-layout-constrained wp-container-core-group-is-layout-d89aad35 wp-block-group-is-layout-constrained\" style=\"margin-top:0;margin-bottom:0;padding-top:var(--wp--preset--spacing--50);padding-right:var(--wp--preset--spacing--50);padding-bottom:var(--wp--preset--spacing--50);padding-left:var(--wp--preset--spacing--50)\">\n<div class=\"wp-block-columns alignwide is-layout-flex wp-container-core-columns-is-layout-1da03c2a wp-block-columns-is-layout-flex\">\n<div class=\"wp-block-column is-vertically-aligned-center is-layout-flow wp-block-column-is-layout-flow\" style=\"flex-basis:60%\">\n<figure class=\"wp-block-image size-full is-style-rounded wp-duotone-unset-2 is-style-rounded--1\"><img data-recalc-dims=\"1\" loading=\"lazy\" decoding=\"async\" width=\"800\" height=\"550\" data-attachment-id=\"1066\" data-permalink=\"https:\/\/tanukiagency.com\/fr\/hiking-kilimanjaro\/\" data-orig-file=\"https:\/\/i0.wp.com\/tanukiagency.com\/wp-content\/uploads\/2025\/11\/hiking-kilimanjaro.jpg?fit=800%2C550&amp;ssl=1\" data-orig-size=\"800,550\" data-comments-opened=\"1\" data-image-meta=\"{&quot;aperture&quot;:&quot;0&quot;,&quot;credit&quot;:&quot;&quot;,&quot;camera&quot;:&quot;&quot;,&quot;caption&quot;:&quot;&quot;,&quot;created_timestamp&quot;:&quot;0&quot;,&quot;copyright&quot;:&quot;&quot;,&quot;focal_length&quot;:&quot;0&quot;,&quot;iso&quot;:&quot;0&quot;,&quot;shutter_speed&quot;:&quot;0&quot;,&quot;title&quot;:&quot;&quot;,&quot;orientation&quot;:&quot;0&quot;}\" data-image-title=\"hiking kilimanjaro\" data-image-description=\"\" data-image-caption=\"\" data-large-file=\"https:\/\/i0.wp.com\/tanukiagency.com\/wp-content\/uploads\/2025\/11\/hiking-kilimanjaro.jpg?fit=800%2C550&amp;ssl=1\" src=\"https:\/\/i0.wp.com\/tanukiagency.com\/wp-content\/uploads\/2025\/11\/hiking-kilimanjaro.jpg?resize=800%2C550&#038;ssl=1\" alt=\"hiking kilimanjaro\" class=\"wp-image-1066\" style=\"aspect-ratio:1.3333333333333333;object-fit:cover\" srcset=\"https:\/\/i0.wp.com\/tanukiagency.com\/wp-content\/uploads\/2025\/11\/hiking-kilimanjaro.jpg?w=800&amp;ssl=1 800w, https:\/\/i0.wp.com\/tanukiagency.com\/wp-content\/uploads\/2025\/11\/hiking-kilimanjaro.jpg?resize=300%2C206&amp;ssl=1 300w, https:\/\/i0.wp.com\/tanukiagency.com\/wp-content\/uploads\/2025\/11\/hiking-kilimanjaro.jpg?resize=768%2C528&amp;ssl=1 768w, https:\/\/i0.wp.com\/tanukiagency.com\/wp-content\/uploads\/2025\/11\/hiking-kilimanjaro.jpg?resize=18%2C12&amp;ssl=1 18w\" sizes=\"auto, (max-width: 800px) 100vw, 800px\" \/><\/figure>\n<\/div>\n\n\n\n<div class=\"wp-block-column is-layout-flow wp-block-column-is-layout-flow\" style=\"flex-basis:40%\">\n<h2 class=\"wp-block-heading has-base-color has-text-color has-link-color has-large-font-size wp-elements-95aba3fbd3136c8bc2b8173677450722\"><strong>Randonn\u00e9es en montagne<\/strong><\/h2>\n\n\n\n<p class=\"has-base-color has-text-color has-link-color wp-elements-1699e17f520fd0f92718b94b16e14c5a\">\u00a0Pour les amateurs d'aventure, la Tanzanie propose deux exp\u00e9riences de trekking exceptionnelles. Choisissez parmi des treks de plusieurs jours avec des guides exp\u00e9riment\u00e9s et explorez les pentes du Kilimandjaro et du mont Meru, deux des sommets les plus impressionnants d'Afrique de l'Est.<\/p>\n\n\n\n<p class=\"has-base-color has-text-color has-link-color wp-elements-b7a5354899856fc3af97bf112cc869c7\">L'ascension du Kilimandjaro est une grande aventure, mais aussi l'une des ascensions de haute altitude les plus accessibles au monde. Avec un bon guide et un rythme adapt\u00e9, vous progresserez \u00e0 travers for\u00eats, landes et paysages rocheux jusqu'\u00e0 atteindre le sommet enneig\u00e9 au lever du soleil.<\/p>\n\n\n\n<p class=\"has-base-color has-text-color has-link-color wp-elements-ef4c87ec8ba2606ac0bf0e1e87463598\">Pour une ascension plus paisible mais tout aussi magnifique, le trek du mont Meru est une excellente option. Le sentier traverse des for\u00eats luxuriantes peupl\u00e9es d'oiseaux et de singes, offrant des vues imprenables sur le Kilimandjaro au loin. C'est une alternative plus courte et moins fr\u00e9quent\u00e9e, mais souvent consid\u00e9r\u00e9e comme aussi exigeante que l'ascension du Kilimandjaro. <\/p>\n<\/div>\n<\/div>\n<\/div>\n\n\n\n<div class=\"wp-block-group alignfull has-global-padding is-layout-constrained wp-container-core-group-is-layout-796362d6 wp-block-group-is-layout-constrained\" style=\"margin-top:0;margin-bottom:0;padding-top:var(--wp--preset--spacing--40);padding-right:var(--wp--preset--spacing--50);padding-bottom:var(--wp--preset--spacing--40);padding-left:var(--wp--preset--spacing--50)\">\n<div class=\"wp-block-group is-vertical is-content-justification-center is-layout-flex wp-container-core-group-is-layout-ce155fab wp-block-group-is-layout-flex\">\n<h2 class=\"wp-block-heading has-text-align-center has-x-large-font-size\">Nos sp\u00e9cialistes de la Tanzanie<\/h2>\n<\/div>\n\n\n\n<div style=\"height:16px\" aria-hidden=\"true\" class=\"wp-block-spacer\"><\/div>\n\n\n\n<div class=\"wp-block-columns alignwide is-layout-flex wp-container-core-columns-is-layout-fccf0e8b wp-block-columns-is-layout-flex\" style=\"padding-right:0;padding-left:0\">\n<div class=\"wp-block-column is-layout-flow wp-block-column-is-layout-flow\">\n<figure class=\"wp-block-image aligncenter size-full is-resized is-style-rounded is-style-rounded--3\"><img data-recalc-dims=\"1\" loading=\"lazy\" decoding=\"async\" width=\"3024\" height=\"4032\" data-attachment-id=\"903\" data-permalink=\"https:\/\/tanukiagency.com\/fr\/about-us\/img_3758\/\" data-orig-file=\"https:\/\/i0.wp.com\/tanukiagency.com\/wp-content\/uploads\/2025\/10\/IMG_3758.jpg?fit=3024%2C4032&amp;ssl=1\" data-orig-size=\"3024,4032\" data-comments-opened=\"1\" data-image-meta=\"{&quot;aperture&quot;:&quot;0&quot;,&quot;credit&quot;:&quot;&quot;,&quot;camera&quot;:&quot;&quot;,&quot;caption&quot;:&quot;&quot;,&quot;created_timestamp&quot;:&quot;0&quot;,&quot;copyright&quot;:&quot;&quot;,&quot;focal_length&quot;:&quot;0&quot;,&quot;iso&quot;:&quot;0&quot;,&quot;shutter_speed&quot;:&quot;0&quot;,&quot;title&quot;:&quot;&quot;,&quot;orientation&quot;:&quot;0&quot;}\" data-image-title=\"IMG_3758\" data-image-description=\"\" data-image-caption=\"\" data-large-file=\"https:\/\/i0.wp.com\/tanukiagency.com\/wp-content\/uploads\/2025\/10\/IMG_3758.jpg?fit=768%2C1024&amp;ssl=1\" src=\"https:\/\/i0.wp.com\/tanukiagency.com\/wp-content\/uploads\/2025\/10\/IMG_3758.jpg?resize=3024%2C4032&#038;ssl=1\" alt=\"\" class=\"wp-image-903\" style=\"aspect-ratio:1;object-fit:cover;width:351px;height:auto\" srcset=\"https:\/\/i0.wp.com\/tanukiagency.com\/wp-content\/uploads\/2025\/10\/IMG_3758.jpg?w=3024&amp;ssl=1 3024w, https:\/\/i0.wp.com\/tanukiagency.com\/wp-content\/uploads\/2025\/10\/IMG_3758.jpg?resize=225%2C300&amp;ssl=1 225w, https:\/\/i0.wp.com\/tanukiagency.com\/wp-content\/uploads\/2025\/10\/IMG_3758.jpg?resize=768%2C1024&amp;ssl=1 768w, https:\/\/i0.wp.com\/tanukiagency.com\/wp-content\/uploads\/2025\/10\/IMG_3758.jpg?resize=1152%2C1536&amp;ssl=1 1152w, https:\/\/i0.wp.com\/tanukiagency.com\/wp-content\/uploads\/2025\/10\/IMG_3758.jpg?resize=1536%2C2048&amp;ssl=1 1536w, https:\/\/i0.wp.com\/tanukiagency.com\/wp-content\/uploads\/2025\/10\/IMG_3758.jpg?resize=9%2C12&amp;ssl=1 9w, https:\/\/i0.wp.com\/tanukiagency.com\/wp-content\/uploads\/2025\/10\/IMG_3758.jpg?resize=900%2C1200&amp;ssl=1 900w, https:\/\/i0.wp.com\/tanukiagency.com\/wp-content\/uploads\/2025\/10\/IMG_3758.jpg?resize=600%2C800&amp;ssl=1 600w, https:\/\/i0.wp.com\/tanukiagency.com\/wp-content\/uploads\/2025\/10\/IMG_3758.jpg?resize=450%2C600&amp;ssl=1 450w, https:\/\/i0.wp.com\/tanukiagency.com\/wp-content\/uploads\/2025\/10\/IMG_3758.jpg?resize=300%2C400&amp;ssl=1 300w, https:\/\/i0.wp.com\/tanukiagency.com\/wp-content\/uploads\/2025\/10\/IMG_3758.jpg?resize=150%2C200&amp;ssl=1 150w, https:\/\/i0.wp.com\/tanukiagency.com\/wp-content\/uploads\/2025\/10\/IMG_3758.jpg?resize=1200%2C1600&amp;ssl=1 1200w, https:\/\/i0.wp.com\/tanukiagency.com\/wp-content\/uploads\/2025\/10\/IMG_3758.jpg?w=2000&amp;ssl=1 2000w\" sizes=\"auto, (max-width: 1000px) 100vw, 1000px\" \/><\/figure>\n\n\n\n<div class=\"wp-block-group is-vertical is-content-justification-center is-nowrap is-layout-flex wp-container-core-group-is-layout-21d4e958 wp-block-group-is-layout-flex\">\n<p class=\"has-text-align-center has-small-font-size\"><strong>Aline S.<\/strong><\/p>\n\n\n\n<p class=\"has-text-align-center has-small-font-size\"><em>Sp\u00e9cialiste du Japon et de la Tanzanie<\/em><\/p>\n<\/div>\n<\/div>\n\n\n\n<div class=\"wp-block-column is-layout-flow wp-block-column-is-layout-flow\">\n<figure class=\"wp-block-image aligncenter size-full is-resized is-style-rounded is-style-rounded--4\"><img data-recalc-dims=\"1\" loading=\"lazy\" decoding=\"async\" width=\"3162\" height=\"3224\" data-attachment-id=\"1068\" data-permalink=\"https:\/\/tanukiagency.com\/fr\/tanzania\/dscf8152\/\" data-orig-file=\"https:\/\/i0.wp.com\/tanukiagency.com\/wp-content\/uploads\/2025\/11\/DSCF8152-rotated-e1763467383464.jpg?fit=3162%2C3224&amp;ssl=1\" data-orig-size=\"3162,3224\" data-comments-opened=\"1\" data-image-meta=\"{&quot;aperture&quot;:&quot;5.6&quot;,&quot;credit&quot;:&quot;&quot;,&quot;camera&quot;:&quot;X-S10&quot;,&quot;caption&quot;:&quot;&quot;,&quot;created_timestamp&quot;:&quot;1745167449&quot;,&quot;copyright&quot;:&quot;&quot;,&quot;focal_length&quot;:&quot;15&quot;,&quot;iso&quot;:&quot;320&quot;,&quot;shutter_speed&quot;:&quot;0.0083333333333333&quot;,&quot;title&quot;:&quot;&quot;,&quot;orientation&quot;:&quot;1&quot;}\" data-image-title=\"DSCF8152\" data-image-description=\"\" data-image-caption=\"\" data-large-file=\"https:\/\/i0.wp.com\/tanukiagency.com\/wp-content\/uploads\/2025\/11\/DSCF8152-rotated-e1763467383464.jpg?fit=1004%2C1024&amp;ssl=1\" src=\"https:\/\/i0.wp.com\/tanukiagency.com\/wp-content\/uploads\/2025\/11\/DSCF8152-rotated-e1763467383464.jpg?resize=3162%2C3224&#038;ssl=1\" alt=\"\" class=\"wp-image-1068\" style=\"aspect-ratio:1;object-fit:cover;width:354px;height:auto\" srcset=\"https:\/\/i0.wp.com\/tanukiagency.com\/wp-content\/uploads\/2025\/11\/DSCF8152-rotated-e1763467383464.jpg?w=3162&amp;ssl=1 3162w, https:\/\/i0.wp.com\/tanukiagency.com\/wp-content\/uploads\/2025\/11\/DSCF8152-rotated-e1763467383464.jpg?resize=294%2C300&amp;ssl=1 294w, https:\/\/i0.wp.com\/tanukiagency.com\/wp-content\/uploads\/2025\/11\/DSCF8152-rotated-e1763467383464.jpg?resize=1004%2C1024&amp;ssl=1 1004w, https:\/\/i0.wp.com\/tanukiagency.com\/wp-content\/uploads\/2025\/11\/DSCF8152-rotated-e1763467383464.jpg?resize=768%2C783&amp;ssl=1 768w, https:\/\/i0.wp.com\/tanukiagency.com\/wp-content\/uploads\/2025\/11\/DSCF8152-rotated-e1763467383464.jpg?resize=1506%2C1536&amp;ssl=1 1506w, https:\/\/i0.wp.com\/tanukiagency.com\/wp-content\/uploads\/2025\/11\/DSCF8152-rotated-e1763467383464.jpg?resize=2009%2C2048&amp;ssl=1 2009w, https:\/\/i0.wp.com\/tanukiagency.com\/wp-content\/uploads\/2025\/11\/DSCF8152-rotated-e1763467383464.jpg?resize=12%2C12&amp;ssl=1 12w, https:\/\/i0.wp.com\/tanukiagency.com\/wp-content\/uploads\/2025\/11\/DSCF8152-rotated-e1763467383464.jpg?w=3000&amp;ssl=1 3000w\" sizes=\"auto, (max-width: 1000px) 100vw, 1000px\" \/><\/figure>\n\n\n\n<div class=\"wp-block-group is-vertical is-content-justification-center is-nowrap is-layout-flex wp-container-core-group-is-layout-63bfd6c1 wp-block-group-is-layout-flex\">\n<p class=\"has-text-align-center has-small-font-size\"><strong>Marion S.<\/strong><\/p>\n\n\n\n<p class=\"has-text-align-center has-small-font-size\"><em><em>Tanzanie<\/em> et Ouganda sp\u00e9cialiste<\/em><\/p>\n<\/div>\n<\/div>\n<\/div>\n<\/div>\n\n\n\n<div class=\"wp-block-group alignfull has-custom-735-f-58-background-color has-background is-vertical is-content-justification-center is-layout-flex wp-container-core-group-is-layout-07bf15d8 wp-block-group-is-layout-flex\" style=\"margin-top:0;margin-bottom:0;padding-top:var(--wp--preset--spacing--40);padding-right:var(--wp--preset--spacing--50);padding-bottom:var(--wp--preset--spacing--40);padding-left:var(--wp--preset--spacing--50)\">\n<h2 class=\"wp-block-heading has-text-align-center has-base-color has-text-color has-link-color has-x-large-font-size wp-elements-edb8a0f45e60baa6026ee2a224922ec9\">Contact<\/h2>\n\n\n<div class=\"wp-block-jetpack-contact-form is-style-default wp-elements-2d226fa9e38bd1c6b56a56c8a0582a09\"><a href=\"https:\/\/tanukiagency.com\/fr\/tanzania\/\" target=\"_blank\" rel=\"noopener noreferrer\">Soumettre un formulaire.<\/a><\/div><\/div>","protected":false},"excerpt":{"rendered":"<p>Budget &amp; Luxury Safaris\u00a0 Tanzania is one of the best places in Africa to experience wildlife in its natural home. Whether you\u2019re looking for an affordable budget safari in Tanzania or a more comfortable luxury safari lodge experience, we help you design a tailor-made Tanzania safari itinerary. From the open plains of the Serengeti National [&hellip;]<\/p>\n","protected":false},"author":205047669,"featured_media":0,"parent":0,"menu_order":0,"comment_status":"closed","ping_status":"closed","template":"","meta":{"advanced_seo_description":"","jetpack_seo_html_title":"","jetpack_seo_noindex":false,"footnotes":""},"class_list":["post-950","page","type-page","status-publish","hentry"],"jetpack_likes_enabled":true,"jetpack_sharing_enabled":true,"jetpack_shortlink":"https:\/\/wp.me\/PfJG2Z-fk","jetpack-related-posts":[],"_links":{"self":[{"href":"https:\/\/tanukiagency.com\/fr\/wp-json\/wp\/v2\/pages\/950","targetHints":{"allow":["GET"]}}],"collection":[{"href":"https:\/\/tanukiagency.com\/fr\/wp-json\/wp\/v2\/pages"}],"about":[{"href":"https:\/\/tanukiagency.com\/fr\/wp-json\/wp\/v2\/types\/page"}],"author":[{"embeddable":true,"href":"https:\/\/tanukiagency.com\/fr\/wp-json\/wp\/v2\/users\/205047669"}],"replies":[{"embeddable":true,"href":"https:\/\/tanukiagency.com\/fr\/wp-json\/wp\/v2\/comments?post=950"}],"version-history":[{"count":34,"href":"https:\/\/tanukiagency.com\/fr\/wp-json\/wp\/v2\/pages\/950\/revisions"}],"predecessor-version":[{"id":1071,"href":"https:\/\/tanukiagency.com\/fr\/wp-json\/wp\/v2\/pages\/950\/revisions\/1071"}],"wp:attachment":[{"href":"https:\/\/tanukiagency.com\/fr\/wp-json\/wp\/v2\/media?parent=950"}],"curies":[{"name":"wp","href":"https:\/\/api.w.org\/{rel}","templated":true}]}}